{"id":24,"date":"2023-03-26T18:45:39","date_gmt":"2023-03-26T21:45:39","guid":{"rendered":"https:\/\/eolcba.com.ar\/jornadas2023\/?page_id=24"},"modified":"2023-04-07T23:01:11","modified_gmt":"2023-04-08T02:01:11","slug":"inscripcion","status":"publish","type":"page","link":"https:\/\/eolcba.com.ar\/jornadas2023\/inscripcion\/","title":{"rendered":"INSCRIPCI\u00d3N"},"content":{"rendered":"<div class=\"fusion-fullwidth fullwidth-box fusion-builder-row-1 fusion-flex-container has-pattern-background has-mask-background nonhundred-percent-fullwidth non-hundred-percent-height-scrolling\" style=\"--awb-border-radius-top-left:0px;--awb-border-radius-top-right:0px;--awb-border-radius-bottom-right:0px;--awb-border-radius-bottom-left:0px;--awb-flex-wrap:wrap;\" ><div class=\"fusion-builder-row fusion-row fusion-flex-align-items-flex-start fusion-flex-content-wrap\" style=\"max-width:1352px;margin-left: calc(-4% \/ 2 );margin-right: calc(-4% \/ 2 );\"><div class=\"fusion-layout-column fusion_builder_column fusion-builder-column-0 fusion_builder_column_1_1 1_1 fusion-flex-column\" style=\"--awb-bg-size:cover;--awb-width-large:100%;--awb-margin-top-large:0px;--awb-spacing-right-large:1.92%;--awb-margin-bottom-large:20px;--awb-spacing-left-large:1.92%;--awb-width-medium:100%;--awb-order-medium:0;--awb-spacing-right-medium:1.92%;--awb-spacing-left-medium:1.92%;--awb-width-small:100%;--awb-order-small:0;--awb-spacing-right-small:1.92%;--awb-spacing-left-small:1.92%;\"><div class=\"fusion-column-wrapper fusion-column-has-shadow fusion-flex-justify-content-flex-start fusion-content-layout-column\"><div class=\"fusion-title title fusion-title-1 fusion-sep-none fusion-title-center fusion-title-text fusion-title-size-three\" style=\"--awb-font-size:32px;\"><h3 class=\"fusion-title-heading title-heading-center\" style=\"margin:0;font-size:1em;\">\u00a1Las inscripciones a las 31\u00b0 Jornadas de la EOL Secci\u00f3n C\u00f3rdoba est\u00e1n abiertas!<\/h3><\/div><div class=\"fusion-text fusion-text-1\"><p style=\"text-align: center;\">La inscripci\u00f3n podr\u00e1 realizarse en un solo pago o en dos cuotas.<br \/>\nAl completar el formulario de inscripci\u00f3n podr\u00e1 elegir la modalidad de participaci\u00f3n: presencial o virtual.<\/p>\n<\/div><div class=\"fusion-separator fusion-full-width-sep\" style=\"align-self: center;margin-left: auto;margin-right: auto;margin-top:20px;margin-bottom:20px;width:100%;\"><\/div><div class=\"awb-gallery-wrapper awb-gallery-wrapper-1 button-span-no\" style=\"--more-btn-alignment:center;\"><div style=\"margin:-5px;--awb-bordersize:0px;\" class=\"fusion-gallery fusion-gallery-container fusion-grid-2 fusion-columns-total-2 fusion-gallery-layout-grid fusion-gallery-1\"><div style=\"padding:5px;\" class=\"fusion-grid-column fusion-gallery-column fusion-gallery-column-2 hover-type-none\"><div class=\"fusion-gallery-image\"><a href=\"https:\/\/eolcba.com.ar\/jornadas2023\/wp-content\/uploads\/sites\/9\/2023\/04\/EOL-Jornadas-2023-Aranceles-01.jpg\" rel=\"noreferrer\" data-rel=\"iLightbox[gallery_image_1]\" class=\"fusion-lightbox\" target=\"_self\"><img decoding=\"async\" src=\"https:\/\/eolcba.com.ar\/jornadas2023\/wp-content\/uploads\/sites\/9\/2023\/04\/EOL-Jornadas-2023-Aranceles-01.jpg\" width=\"2000\" height=\"2000\" alt=\"\" title=\"EOL Jornadas 2023 &#8211; Aranceles 01\" aria-label=\"EOL Jornadas 2023 &#8211; Aranceles 01\" class=\"img-responsive wp-image-139\" srcset=\"https:\/\/eolcba.com.ar\/jornadas2023\/wp-content\/uploads\/sites\/9\/2023\/04\/EOL-Jornadas-2023-Aranceles-01-200x200.jpg 200w, https:\/\/eolcba.com.ar\/jornadas2023\/wp-content\/uploads\/sites\/9\/2023\/04\/EOL-Jornadas-2023-Aranceles-01-400x400.jpg 400w, https:\/\/eolcba.com.ar\/jornadas2023\/wp-content\/uploads\/sites\/9\/2023\/04\/EOL-Jornadas-2023-Aranceles-01-600x600.jpg 600w, https:\/\/eolcba.com.ar\/jornadas2023\/wp-content\/uploads\/sites\/9\/2023\/04\/EOL-Jornadas-2023-Aranceles-01-800x800.jpg 800w, https:\/\/eolcba.com.ar\/jornadas2023\/wp-content\/uploads\/sites\/9\/2023\/04\/EOL-Jornadas-2023-Aranceles-01-1200x1200.jpg 1200w, https:\/\/eolcba.com.ar\/jornadas2023\/wp-content\/uploads\/sites\/9\/2023\/04\/EOL-Jornadas-2023-Aranceles-01.jpg 2000w\" sizes=\"(min-width: 2200px) 100vw, (min-width: 712px) 648px, (min-width: 640px) 712px, \" \/><\/a><\/div><\/div><div style=\"padding:5px;\" class=\"fusion-grid-column fusion-gallery-column fusion-gallery-column-2 hover-type-none\"><div class=\"fusion-gallery-image\"><a href=\"https:\/\/eolcba.com.ar\/jornadas2023\/wp-content\/uploads\/sites\/9\/2023\/04\/EOL-Jornadas-2023-Aranceles-02.jpg\" rel=\"noreferrer\" data-rel=\"iLightbox[gallery_image_1]\" class=\"fusion-lightbox\" target=\"_self\"><img decoding=\"async\" src=\"https:\/\/eolcba.com.ar\/jornadas2023\/wp-content\/uploads\/sites\/9\/2023\/04\/EOL-Jornadas-2023-Aranceles-02.jpg\" width=\"2000\" height=\"2000\" alt=\"\" title=\"EOL Jornadas 2023 &#8211; Aranceles 02\" aria-label=\"EOL Jornadas 2023 &#8211; Aranceles 02\" class=\"img-responsive wp-image-140\" srcset=\"https:\/\/eolcba.com.ar\/jornadas2023\/wp-content\/uploads\/sites\/9\/2023\/04\/EOL-Jornadas-2023-Aranceles-02-200x200.jpg 200w, https:\/\/eolcba.com.ar\/jornadas2023\/wp-content\/uploads\/sites\/9\/2023\/04\/EOL-Jornadas-2023-Aranceles-02-400x400.jpg 400w, https:\/\/eolcba.com.ar\/jornadas2023\/wp-content\/uploads\/sites\/9\/2023\/04\/EOL-Jornadas-2023-Aranceles-02-600x600.jpg 600w, https:\/\/eolcba.com.ar\/jornadas2023\/wp-content\/uploads\/sites\/9\/2023\/04\/EOL-Jornadas-2023-Aranceles-02-800x800.jpg 800w, https:\/\/eolcba.com.ar\/jornadas2023\/wp-content\/uploads\/sites\/9\/2023\/04\/EOL-Jornadas-2023-Aranceles-02-1200x1200.jpg 1200w, https:\/\/eolcba.com.ar\/jornadas2023\/wp-content\/uploads\/sites\/9\/2023\/04\/EOL-Jornadas-2023-Aranceles-02.jpg 2000w\" sizes=\"(min-width: 2200px) 100vw, (min-width: 712px) 648px, (min-width: 640px) 712px, \" \/><\/a><\/div><\/div><div class=\"clearfix\"><\/div><\/div><\/div><div class=\"fusion-separator fusion-full-width-sep\" style=\"align-self: center;margin-left: auto;margin-right: auto;margin-top:20px;margin-bottom:20px;width:100%;\"><\/div><ul style=\"--awb-line-height:27.2px;--awb-icon-width:27.2px;--awb-icon-height:27.2px;--awb-icon-margin:11.2px;--awb-content-margin:38.4px;--awb-circlecolor:var(--awb-color4);--awb-circle-yes-font-size:14.08px;\" class=\"fusion-checklist fusion-checklist-1 fusion-checklist-default type-icons\"><li class=\"fusion-li-item\" style=\"\"><span class=\"icon-wrapper circle-yes\"><i class=\"fusion-li-icon fa-angle-right fas\" aria-hidden=\"true\"><\/i><\/span><div class=\"fusion-li-item-content\">\n<p><strong>Paso 1<\/strong>: Realice el dep\u00f3sito o transferencia bancaria.<\/p>\n<p><strong>Desde Argentina<\/strong>: CBU: 2850394130094015834061<br \/>\n<strong>Alias de CBU<\/strong>: CHINA.TROTE.QUESO<br \/>\n<strong>Apellido y Nombre<\/strong>: FUNDACION EUROARGENTINA PARA LA ESCUELA DE LA ORIENTACION LACANIANA<br \/>\n<strong>Identificaci\u00f3n tributaria<\/strong>: 30677567445<br \/>\n<strong>Tipo y n\u00famero de cuenta<\/strong>: CUENTAS CORRIENTES<\/p>\n<p>Desde el exterior: enviar un mail a eolcordoba@eolcba.com.ar consignando en el asunto \u201cInscripci\u00f3n desde el exterior\u201d y le ser\u00e1n enviados los datos para realizar la transacci\u00f3n.<\/p>\n<\/div><\/li><li class=\"fusion-li-item\" style=\"\"><span class=\"icon-wrapper circle-yes\"><i class=\"fusion-li-icon fa-angle-right fas\" aria-hidden=\"true\"><\/i><\/span><div class=\"fusion-li-item-content\">\n<p><strong>Paso 2<\/strong>: Complete el formulario de inscripci\u00f3n y adjunte el comprobante de pago.<\/p>\n<\/div><\/li><li class=\"fusion-li-item\" style=\"\"><span class=\"icon-wrapper circle-yes\"><i class=\"fusion-li-icon fa-angle-right fas\" aria-hidden=\"true\"><\/i><\/span><div class=\"fusion-li-item-content\">\n<p><strong>Paso 3<\/strong>: Aguarde el acuse de recibo que le llegar\u00e1 por mail y confirmar\u00e1 su inscripci\u00f3n a las 31\u00b0 Jornadas de la EOL Secci\u00f3n C\u00f3rdoba.<\/p>\n<\/div><\/li><\/ul><div class=\"fusion-separator fusion-full-width-sep\" style=\"align-self: center;margin-left: auto;margin-right: auto;margin-top:20px;margin-bottom:20px;width:100%;\"><\/div><div ><a class=\"fusion-button button-flat fusion-button-default-size button-default fusion-button-default button-1 fusion-button-default-span fusion-button-default-type\" target=\"_blank\" rel=\"noopener noreferrer\" href=\"https:\/\/docs.google.com\/forms\/d\/e\/1FAIpQLSeLYsPtk5DDyhTIurXAJcQtiyMFJxPhHJqr3p1sAi2E94kQDw\/viewform\"><span class=\"fusion-button-text awb-button__text awb-button__text--default\">FORMULARIO DE INSCRIPCI\u00d3N<\/span><\/a><\/div><\/div><\/div><\/div><\/div>\n","protected":false},"excerpt":{"rendered":"","protected":false},"author":1,"featured_media":0,"parent":0,"menu_order":6,"comment_status":"closed","ping_status":"closed","template":"","meta":{"footnotes":""},"class_list":["post-24","page","type-page","status-publish","hentry"],"_links":{"self":[{"href":"https:\/\/eolcba.com.ar\/jornadas2023\/wp-json\/wp\/v2\/pages\/24","targetHints":{"allow":["GET"]}}],"collection":[{"href":"https:\/\/eolcba.com.ar\/jornadas2023\/wp-json\/wp\/v2\/pages"}],"about":[{"href":"https:\/\/eolcba.com.ar\/jornadas2023\/wp-json\/wp\/v2\/types\/page"}],"author":[{"embeddable":true,"href":"https:\/\/eolcba.com.ar\/jornadas2023\/wp-json\/wp\/v2\/users\/1"}],"replies":[{"embeddable":true,"href":"https:\/\/eolcba.com.ar\/jornadas2023\/wp-json\/wp\/v2\/comments?post=24"}],"version-history":[{"count":6,"href":"https:\/\/eolcba.com.ar\/jornadas2023\/wp-json\/wp\/v2\/pages\/24\/revisions"}],"predecessor-version":[{"id":145,"href":"https:\/\/eolcba.com.ar\/jornadas2023\/wp-json\/wp\/v2\/pages\/24\/revisions\/145"}],"wp:attachment":[{"href":"https:\/\/eolcba.com.ar\/jornadas2023\/wp-json\/wp\/v2\/media?parent=24"}],"curies":[{"name":"wp","href":"https:\/\/api.w.org\/{rel}","templated":true}]}}