{"id":100,"date":"2023-04-07T15:37:45","date_gmt":"2023-04-07T18:37:45","guid":{"rendered":"https:\/\/eolcba.com.ar\/jornadas2023\/?page_id=100"},"modified":"2023-04-07T19:45:26","modified_gmt":"2023-04-07T22:45:26","slug":"judith-miller","status":"publish","type":"page","link":"https:\/\/eolcba.com.ar\/jornadas2023\/bibliografia\/judith-miller\/","title":{"rendered":"Judith Miller"},"content":{"rendered":"<div class=\"fusion-fullwidth fullwidth-box fusion-builder-row-1 fusion-flex-container has-pattern-background has-mask-background nonhundred-percent-fullwidth non-hundred-percent-height-scrolling\" style=\"--awb-border-radius-top-left:0px;--awb-border-radius-top-right:0px;--awb-border-radius-bottom-right:0px;--awb-border-radius-bottom-left:0px;--awb-flex-wrap:wrap;\" ><div class=\"fusion-builder-row fusion-row fusion-flex-align-items-flex-start fusion-flex-content-wrap\" style=\"max-width:1352px;margin-left: calc(-4% \/ 2 );margin-right: calc(-4% \/ 2 );\"><div class=\"fusion-layout-column fusion_builder_column fusion-builder-column-0 fusion_builder_column_1_1 1_1 fusion-flex-column\" style=\"--awb-bg-size:cover;--awb-width-large:100%;--awb-margin-top-large:0px;--awb-spacing-right-large:1.92%;--awb-margin-bottom-large:20px;--awb-spacing-left-large:1.92%;--awb-width-medium:100%;--awb-order-medium:0;--awb-spacing-right-medium:1.92%;--awb-spacing-left-medium:1.92%;--awb-width-small:100%;--awb-order-small:0;--awb-spacing-right-small:1.92%;--awb-spacing-left-small:1.92%;\"><div class=\"fusion-column-wrapper fusion-column-has-shadow fusion-flex-justify-content-flex-start fusion-content-layout-column\"><div class=\"fusion-text fusion-text-1\"><p style=\"text-align: right;\"><span style=\"color: #0b6e99;\"><strong>Miller, J., \u201cDelicadeza\u201d, <em>Mediodicho <\/em><em>N\u00b0 34, Los psicoanalistas y su incidencia pol\u00edtica, Revista anual de Psicoan\u00e1lisis<\/em>, Publicaci\u00f3n de la EOL Secci\u00f3n C\u00f3rdoba, 2008<\/strong>.<\/span><\/p>\n<p style=\"text-align: justify;\">\u201c\u00bfC\u00f3mo puede el psicoan\u00e1lisis encontrar su lugar en el siglo XXI sin traicionarse y sin auto segregarse? Es estrecha, seguramente, la v\u00eda que supone circunscribir sin interrupci\u00f3n lo real y obtener por el mismo movimiento un saber hacer en su lugar. Lo imposible no es la impotencia. Es la \u00e9tica del psicoan\u00e1lisis lo que supera cualquier traici\u00f3n y franquea todos los obst\u00e1culos si se sostiene firme en el principio enunciado por Lacan \u201cno ceder sobre su deseo\u201d. Si la puesta en marcha por cada uno de tal principio supone que la cura del sujeto haya sido conducida a su t\u00e9rmino, \u00bfhabita ella a todo analizante que se aferra a la ocasi\u00f3n de servir a la causa del psicoan\u00e1lisis, autoriz\u00e1ndose a ser un analista debidamente formado?\u201d p. 49<\/p>\n<\/div><div class=\"fusion-separator fusion-full-width-sep\" style=\"align-self: center;margin-left: auto;margin-right: auto;margin-top:20px;margin-bottom:20px;width:100%;\"><\/div><div class=\"fusion-text fusion-text-2\"><p style=\"text-align: right;\"><span style=\"color: #0b6e99;\"><strong>Miller, J., \u201cPresentaci\u00f3n\u201d, <em>Los miedos de los ni\u00f1os, Buenos Aires, Paid\u00f3s,<\/em> 2017<\/strong>.<\/span><\/p>\n<p style=\"text-align: justify;\">\u201cLos ni\u00f1os hoy se ven condenados a una de estas alternativas: resistir o ceder. De lo cual resulta la angustia asegurada para algunos, o las sujeciones de otros a nombres de \u201ctrastornos\u201d, cuya enumeraci\u00f3n, si no tuvieran resultados estragantes, dar\u00eda risa.\u201d p. 11<\/p>\n<p style=\"text-align: justify;\">\u201cTodo resta por inventar en nuestra \u00e9poca de mutaci\u00f3n, cuyas repercusiones permanecen imprevisibles y pueden conducir al peor de los infiernos, sembrado de las mejores intenciones, es decir, a una segregaci\u00f3n reforzada en nombre del \u201ctodos iguales\u201d. Nosotros optamos por la excepci\u00f3n.\u201d p. 13<\/p>\n<\/div><\/div><\/div><\/div><\/div>\n","protected":false},"excerpt":{"rendered":"","protected":false},"author":1,"featured_media":0,"parent":16,"menu_order":4,"comment_status":"closed","ping_status":"closed","template":"","meta":{"footnotes":""},"class_list":["post-100","page","type-page","status-publish","hentry"],"_links":{"self":[{"href":"https:\/\/eolcba.com.ar\/jornadas2023\/wp-json\/wp\/v2\/pages\/100","targetHints":{"allow":["GET"]}}],"collection":[{"href":"https:\/\/eolcba.com.ar\/jornadas2023\/wp-json\/wp\/v2\/pages"}],"about":[{"href":"https:\/\/eolcba.com.ar\/jornadas2023\/wp-json\/wp\/v2\/types\/page"}],"author":[{"embeddable":true,"href":"https:\/\/eolcba.com.ar\/jornadas2023\/wp-json\/wp\/v2\/users\/1"}],"replies":[{"embeddable":true,"href":"https:\/\/eolcba.com.ar\/jornadas2023\/wp-json\/wp\/v2\/comments?post=100"}],"version-history":[{"count":3,"href":"https:\/\/eolcba.com.ar\/jornadas2023\/wp-json\/wp\/v2\/pages\/100\/revisions"}],"predecessor-version":[{"id":130,"href":"https:\/\/eolcba.com.ar\/jornadas2023\/wp-json\/wp\/v2\/pages\/100\/revisions\/130"}],"up":[{"embeddable":true,"href":"https:\/\/eolcba.com.ar\/jornadas2023\/wp-json\/wp\/v2\/pages\/16"}],"wp:attachment":[{"href":"https:\/\/eolcba.com.ar\/jornadas2023\/wp-json\/wp\/v2\/media?parent=100"}],"curies":[{"name":"wp","href":"https:\/\/api.w.org\/{rel}","templated":true}]}}