{"id":29,"date":"2022-04-09T16:12:19","date_gmt":"2022-04-09T19:12:19","guid":{"rendered":"https:\/\/eolcba.com.ar\/jornadas2022\/?page_id=29"},"modified":"2022-06-05T22:37:28","modified_gmt":"2022-06-06T01:37:28","slug":"inscripcion","status":"publish","type":"page","link":"https:\/\/eolcba.com.ar\/jornadas2022\/inscripcion\/","title":{"rendered":"INSCRIPCI\u00d3N"},"content":{"rendered":"<div class=\"fusion-fullwidth fullwidth-box fusion-builder-row-1 fusion-flex-container nonhundred-percent-fullwidth non-hundred-percent-height-scrolling\" style=\"--awb-border-radius-top-left:0px;--awb-border-radius-top-right:0px;--awb-border-radius-bottom-right:0px;--awb-border-radius-bottom-left:0px;--awb-flex-wrap:wrap;\" ><div class=\"fusion-builder-row fusion-row fusion-flex-align-items-flex-start fusion-flex-content-wrap\" style=\"max-width:1352px;margin-left: calc(-4% \/ 2 );margin-right: calc(-4% \/ 2 );\"><div class=\"fusion-layout-column fusion_builder_column fusion-builder-column-0 fusion_builder_column_1_1 1_1 fusion-flex-column\" style=\"--awb-bg-size:cover;--awb-width-large:100%;--awb-margin-top-large:0px;--awb-spacing-right-large:1.92%;--awb-margin-bottom-large:20px;--awb-spacing-left-large:1.92%;--awb-width-medium:100%;--awb-order-medium:0;--awb-spacing-right-medium:1.92%;--awb-spacing-left-medium:1.92%;--awb-width-small:100%;--awb-order-small:0;--awb-spacing-right-small:1.92%;--awb-spacing-left-small:1.92%;\"><div class=\"fusion-column-wrapper fusion-column-has-shadow fusion-flex-justify-content-flex-start fusion-content-layout-column\">\n<div class=\"table-1\">\n<table width=\"100%\">\n<thead>\n<tr>\n<th align=\"left\">ARANCELES<\/th>\n<th align=\"left\">Hasta el 15 de Mayo<\/th>\n<th align=\"left\">A partir del 16 de Mayo<\/th>\n<\/tr>\n<\/thead>\n<tbody>\n<tr>\n<td align=\"left\">Miembros AMP<\/td>\n<td align=\"left\">$5000<\/td>\n<td align=\"left\">$5500<\/td>\n<\/tr>\n<tr>\n<td align=\"left\">Adherentes, Asociados y Participantes.<\/p>\n<p>Adherentes y alumnos de los Postgrados del CIEC. Participantes del ICdeBA, IOM2, MaTPsiL y UNSAM<\/td>\n<td align=\"left\">$4000<\/td>\n<td align=\"left\">$4500<\/td>\n<\/tr>\n<tr>\n<td align=\"left\">Asistentes en General<\/td>\n<td align=\"left\">$4500<\/td>\n<td align=\"left\">$4900<\/td>\n<\/tr>\n<tr>\n<td align=\"left\">Estudiantes<\/td>\n<td align=\"left\">$3000<\/td>\n<td align=\"left\">$3300<\/td>\n<\/tr>\n<tr>\n<td align=\"left\">Extranjeros<\/td>\n<td align=\"left\">u$s 40<\/td>\n<td align=\"left\">u$s 40<\/td>\n<\/tr>\n<\/tbody>\n<\/table>\n<\/div>\n<div class=\"fusion-separator fusion-full-width-sep\" style=\"align-self: center;margin-left: auto;margin-right: auto;margin-top:20px;margin-bottom:20px;width:100%;\"><\/div><ul style=\"--awb-line-height:27.2px;--awb-icon-width:27.2px;--awb-icon-height:27.2px;--awb-icon-margin:11.2px;--awb-content-margin:38.4px;--awb-circlecolor:#2c2d33;--awb-circle-yes-font-size:14.08px;\" class=\"fusion-checklist fusion-checklist-1 fusion-checklist-default type-icons\"><li class=\"fusion-li-item\" style=\"\"><span class=\"icon-wrapper circle-yes\"><i class=\"fusion-li-icon fa-angle-right fas\" aria-hidden=\"true\"><\/i><\/span><div class=\"fusion-li-item-content\">\n<p><strong>PASO 1<\/strong>: Llene el formulario de inscripci\u00f3n que se encuentra debajo, completando cada uno de los campos.<\/p>\n<\/div><\/li><li class=\"fusion-li-item\" style=\"\"><span class=\"icon-wrapper circle-yes\"><i class=\"fusion-li-icon fa-angle-right fas\" aria-hidden=\"true\"><\/i><\/span><div class=\"fusion-li-item-content\">\n<p style=\"text-align: justify;\"><strong>PASO 2:\u00a0<\/strong>Realice el dep\u00f3sito o transferencia bancaria:<\/p>\n<ul style=\"text-align: justify;\">\n<li><strong>Desde Argentina<\/strong>: a nombre de la Fundaci\u00f3n Euroargentina para la EOL de Campo Freudiano de la Provincia de C\u00f3rdoba.<br \/>\nBanco Macro<br \/>\nCaja de ahorro en pesos n\u00ba: 4-394-0940928858-5<br \/>\nClave Bancaria Uniforme (CBU): 2850394-1-4009409288585-8<br \/>\nALIAS: QUESO.METAL.TENIS<br \/>\nCUIT 30-67756744-5<\/li>\n<\/ul>\n<ul>\n<li style=\"text-align: justify;\"><strong>Desde el Exterior<\/strong>: se podr\u00e1 realizar v\u00eda Western Union. En este caso deber\u00e1 enviar un mail a: mariapialiberati1@gmail.com, en el asunto escribir: <em>Inscripci\u00f3n 30 Jornadas de la EOL Secci\u00f3n C\u00f3rdoba<\/em> y le ser\u00e1n enviados los datos para realizar la transacci\u00f3n.<\/li>\n<\/ul>\n<\/div><\/li><li class=\"fusion-li-item\" style=\"\"><span class=\"icon-wrapper circle-yes\"><i class=\"fusion-li-icon fa-angle-right fas\" aria-hidden=\"true\"><\/i><\/span><div class=\"fusion-li-item-content\">\n<p style=\"text-align: justify;\"><strong>PASO 3<\/strong>: Env\u00ede el comprobante de la transacci\u00f3n a eolcordoba@eolcba.com.ar consignando en el asunto del mail <em>Inscripci\u00f3n 30 Jornadas EOL Secci\u00f3n C\u00f3rdoba<\/em> junto a su <em>nombre y apellido<\/em><\/p>\n<\/div><\/li><\/ul><div class=\"fusion-separator fusion-full-width-sep\" style=\"align-self: center;margin-left: auto;margin-right: auto;margin-top:20px;margin-bottom:20px;width:100%;\"><\/div><div class=\"fusion-alert alert error alert-danger fusion-alert-center awb-alert-native-link-color\" role=\"alert\"><div class=\"fusion-alert-content-wrapper\"><span class=\"alert-icon\"><i class=\"awb-icon-exclamation-triangle\" aria-hidden=\"true\"><\/i><\/span><span class=\"fusion-alert-content\">La inscripci\u00f3n se har\u00e1 efectiva una vez que reciba en su correo electr\u00f3nico el acuse de recibo<\/span><\/div><\/div><div class=\"fusion-separator fusion-full-width-sep\" style=\"align-self: center;margin-left: auto;margin-right: auto;margin-top:20px;margin-bottom:20px;width:100%;\"><\/div><div ><a class=\"fusion-button button-flat fusion-button-default-size button-default fusion-button-default button-1 fusion-button-default-span fusion-button-default-type\" target=\"_blank\" rel=\"noopener noreferrer\" href=\"https:\/\/docs.google.com\/forms\/d\/e\/1FAIpQLScL6LjWZHZ71Zzy4UOC-UIfEojHOOTFMfu5pvswrHH8fe0MUQ\/viewform\"><span class=\"fusion-button-text awb-button__text awb-button__text--default\">FORMULARIO DE INSCRIPCI\u00d3N<\/span><\/a><\/div><\/div><\/div><\/div><\/div>\n","protected":false},"excerpt":{"rendered":"","protected":false},"author":1,"featured_media":0,"parent":0,"menu_order":9,"comment_status":"closed","ping_status":"closed","template":"","meta":{"footnotes":""},"class_list":["post-29","page","type-page","status-publish","hentry"],"_links":{"self":[{"href":"https:\/\/eolcba.com.ar\/jornadas2022\/wp-json\/wp\/v2\/pages\/29","targetHints":{"allow":["GET"]}}],"collection":[{"href":"https:\/\/eolcba.com.ar\/jornadas2022\/wp-json\/wp\/v2\/pages"}],"about":[{"href":"https:\/\/eolcba.com.ar\/jornadas2022\/wp-json\/wp\/v2\/types\/page"}],"author":[{"embeddable":true,"href":"https:\/\/eolcba.com.ar\/jornadas2022\/wp-json\/wp\/v2\/users\/1"}],"replies":[{"embeddable":true,"href":"https:\/\/eolcba.com.ar\/jornadas2022\/wp-json\/wp\/v2\/comments?post=29"}],"version-history":[{"count":14,"href":"https:\/\/eolcba.com.ar\/jornadas2022\/wp-json\/wp\/v2\/pages\/29\/revisions"}],"predecessor-version":[{"id":228,"href":"https:\/\/eolcba.com.ar\/jornadas2022\/wp-json\/wp\/v2\/pages\/29\/revisions\/228"}],"wp:attachment":[{"href":"https:\/\/eolcba.com.ar\/jornadas2022\/wp-json\/wp\/v2\/media?parent=29"}],"curies":[{"name":"wp","href":"https:\/\/api.w.org\/{rel}","templated":true}]}}