{"id":25,"date":"2022-04-09T16:11:49","date_gmt":"2022-04-09T19:11:49","guid":{"rendered":"https:\/\/eolcba.com.ar\/jornadas2022\/?page_id=25"},"modified":"2022-05-02T20:08:21","modified_gmt":"2022-05-02T23:08:21","slug":"trabajos","status":"publish","type":"page","link":"https:\/\/eolcba.com.ar\/jornadas2022\/trabajos\/","title":{"rendered":"TRABAJOS"},"content":{"rendered":"<div class=\"fusion-fullwidth fullwidth-box fusion-builder-row-1 fusion-flex-container nonhundred-percent-fullwidth non-hundred-percent-height-scrolling\" style=\"--awb-border-radius-top-left:0px;--awb-border-radius-top-right:0px;--awb-border-radius-bottom-right:0px;--awb-border-radius-bottom-left:0px;--awb-flex-wrap:wrap;\" ><div class=\"fusion-builder-row fusion-row fusion-flex-align-items-flex-start fusion-flex-content-wrap\" style=\"max-width:1352px;margin-left: calc(-4% \/ 2 );margin-right: calc(-4% \/ 2 );\"><div class=\"fusion-layout-column fusion_builder_column fusion-builder-column-0 fusion_builder_column_1_1 1_1 fusion-flex-column\" style=\"--awb-bg-size:cover;--awb-width-large:100%;--awb-margin-top-large:0px;--awb-spacing-right-large:1.92%;--awb-margin-bottom-large:20px;--awb-spacing-left-large:1.92%;--awb-width-medium:100%;--awb-order-medium:0;--awb-spacing-right-medium:1.92%;--awb-spacing-left-medium:1.92%;--awb-width-small:100%;--awb-order-small:0;--awb-spacing-right-small:1.92%;--awb-spacing-left-small:1.92%;\"><div class=\"fusion-column-wrapper fusion-column-has-shadow fusion-flex-justify-content-flex-start fusion-content-layout-column\"><div class=\"fusion-text fusion-text-1\" style=\"--awb-text-transform:none;\"><p style=\"text-align: justify;\">Queridos colegas:<\/p>\n<p style=\"text-align: justify;\">Los d\u00edas 10 y 11 de junio se celebrar\u00e1n las <strong>30 Jornadas de la EOL Secci\u00f3n C\u00f3rdoba \u00ab&#8230;\u00bfC\u00f3mo te lo digo?\u00bb<\/strong>.<\/p>\n<p style=\"text-align: justify;\">Ser\u00e1 la ocasi\u00f3n para trabajar sobre el alcance del decir en la experiencia anal\u00edtica y su valor de acontecimiento.<\/p>\n<p style=\"text-align: justify;\">En tiempos del parloteo generalizado y su potencia sugestiva, \u00abel analista no puede dar lugar a concesiones ni hacerse a un lado, no puede volverse impermeable a lo insoportable ni aliviarse del real al que la cl\u00ednica lo confronta\u00bb[1]. Le toca por esto orientarse por el \u00edndice singular, el imposible que anida entre el cuerpo y la palabra analizante; tambi\u00e9n, le toca encontrar el resorte de su propio decir en y sobre la pr\u00e1ctica.<\/p>\n<p style=\"text-align: justify;\">Lacan nos insta al esfuerzo de permanecer lo m\u00e1s cerca posible de la experiencia \u00abpara decirla sin aplastarse contra el muro del lenguaje. Para franquear ese muro, necesitamos un a(muro), una palabra agalm\u00e1tica, palabra que encontramos en el parl\u00eatre\u00bb [2].<\/p>\n<p style=\"text-align: justify;\">Estas Jornadas alientan la posibilidad de ensayar este franqueamiento del muro a partir de la escritura del caso, el estilo en la transmisi\u00f3n y la discusi\u00f3n cl\u00ednica. Invitamos especialmente a los <strong>miembros<\/strong> a presentar sus contribuciones cl\u00ednicas, articuladas a los ejes de trabajo propuestos por la Comisi\u00f3n Cient\u00edfica.<br \/>\nLas contribuciones cl\u00ednicas deber\u00e1n enviarse a las siguientes direcciones de mail:<\/p>\n<ul>\n<li style=\"text-align: justify;\">eolcordoba@eolcba.com.ar<\/li>\n<li style=\"text-align: justify;\">giselasmania@hotmail.com<\/li>\n<\/ul>\n<p style=\"text-align: justify;\">Por su parte, el cartel tendr\u00e1 un lugar particular en las Jornadas. Esperamos que algunos <strong>cartelizantes<\/strong> puedan aventurar la enunciaci\u00f3n singular y tomar a su cuenta el decir sobre su pr\u00e1ctica, sirvi\u00e9ndose de lo producido en el \u00f3rgano del cartel v\u00eda la transferencia de trabajo. Cada M\u00e1s Uno ser\u00e1 responsable de poner a consideraci\u00f3n de la Comisi\u00f3n Cient\u00edfica esa escritura a los fines de su selecci\u00f3n.<\/p>\n<p style=\"text-align: justify;\">Los trabajos deber\u00e1n enviarse a las siguientes direcciones de mail:<\/p>\n<ul>\n<li style=\"text-align: justify;\">eolcordoba@eolcba.com.ar<\/li>\n<li style=\"text-align: justify;\">carteleseolcba@gmail.com<\/li>\n<\/ul>\n<p style=\"text-align: justify;\">Con esta perspectiva cl\u00ednica y pol\u00edtica ponemos en marcha el trabajo de Escuela que nos llevar\u00e1 hasta el mes de junio, en C\u00f3rdoba.<\/p>\n<p style=\"text-align: justify;\"><strong>Plazo de presentaci\u00f3n<\/strong>: lunes 16 de mayo.<br \/>\n<strong>Extensi\u00f3n y formato<\/strong>: 6000 caracteres con espacios &#8211; Times New Roman 12.<\/p>\n<hr \/>\n<p style=\"text-align: justify;\">[1] Miller, Judith, La sesi\u00f3n anal\u00edtica[2] Miller, J.- A., El Inconsciente y el cuerpo hablante.<\/p>\n<\/div><\/div><\/div><\/div><\/div>\n","protected":false},"excerpt":{"rendered":"","protected":false},"author":1,"featured_media":0,"parent":0,"menu_order":7,"comment_status":"closed","ping_status":"closed","template":"","meta":{"footnotes":""},"class_list":["post-25","page","type-page","status-publish","hentry"],"_links":{"self":[{"href":"https:\/\/eolcba.com.ar\/jornadas2022\/wp-json\/wp\/v2\/pages\/25","targetHints":{"allow":["GET"]}}],"collection":[{"href":"https:\/\/eolcba.com.ar\/jornadas2022\/wp-json\/wp\/v2\/pages"}],"about":[{"href":"https:\/\/eolcba.com.ar\/jornadas2022\/wp-json\/wp\/v2\/types\/page"}],"author":[{"embeddable":true,"href":"https:\/\/eolcba.com.ar\/jornadas2022\/wp-json\/wp\/v2\/users\/1"}],"replies":[{"embeddable":true,"href":"https:\/\/eolcba.com.ar\/jornadas2022\/wp-json\/wp\/v2\/comments?post=25"}],"version-history":[{"count":5,"href":"https:\/\/eolcba.com.ar\/jornadas2022\/wp-json\/wp\/v2\/pages\/25\/revisions"}],"predecessor-version":[{"id":129,"href":"https:\/\/eolcba.com.ar\/jornadas2022\/wp-json\/wp\/v2\/pages\/25\/revisions\/129"}],"wp:attachment":[{"href":"https:\/\/eolcba.com.ar\/jornadas2022\/wp-json\/wp\/v2\/media?parent=25"}],"curies":[{"name":"wp","href":"https:\/\/api.w.org\/{rel}","templated":true}]}}