{"id":23,"date":"2022-04-09T16:11:30","date_gmt":"2022-04-09T19:11:30","guid":{"rendered":"https:\/\/eolcba.com.ar\/jornadas2022\/?page_id=23"},"modified":"2022-04-19T19:46:29","modified_gmt":"2022-04-19T22:46:29","slug":"bibliografia","status":"publish","type":"page","link":"https:\/\/eolcba.com.ar\/jornadas2022\/bibliografia\/","title":{"rendered":"BIBLIOGRAF\u00cdA"},"content":{"rendered":"<p><div class=\"fusion-fullwidth fullwidth-box fusion-builder-row-1 fusion-flex-container nonhundred-percent-fullwidth non-hundred-percent-height-scrolling\" style=\"--awb-border-radius-top-left:0px;--awb-border-radius-top-right:0px;--awb-border-radius-bottom-right:0px;--awb-border-radius-bottom-left:0px;--awb-flex-wrap:wrap;\" ><div class=\"fusion-builder-row fusion-row fusion-flex-align-items-flex-start fusion-flex-content-wrap\" style=\"max-width:1352px;margin-left: calc(-4% \/ 2 );margin-right: calc(-4% \/ 2 );\"><div class=\"fusion-layout-column fusion_builder_column fusion-builder-column-0 fusion_builder_column_1_1 1_1 fusion-flex-column\" style=\"--awb-bg-size:cover;--awb-width-large:100%;--awb-margin-top-large:0px;--awb-spacing-right-large:1.92%;--awb-margin-bottom-large:20px;--awb-spacing-left-large:1.92%;--awb-width-medium:100%;--awb-order-medium:0;--awb-spacing-right-medium:1.92%;--awb-spacing-left-medium:1.92%;--awb-width-small:100%;--awb-order-small:0;--awb-spacing-right-small:1.92%;--awb-spacing-left-small:1.92%;\"><div class=\"fusion-column-wrapper fusion-column-has-shadow fusion-flex-justify-content-flex-start fusion-content-layout-column\"><div class=\"fusion-text fusion-text-1\" style=\"--awb-text-transform:none;\"><p style=\"text-align: right;\">\u201cNos sorprende completamente que haya algo donde el cuerpo<br \/>\nya no sirva como tal \u2013es la danza. Esto permitir\u00eda escribir de<br \/>\nmanera algo distinta el t\u00e9rmino <em>condanzaci\u00f3n.<\/em>\u201d<\/p>\n<p style=\"text-align: right;\">Lacan. Seminario 23, p. 151-152<\/p>\n<p style=\"text-align: justify;\">La <em>condanzaci\u00f3n, <\/em>neologismo inventado por Lacan, surge como consecuencia de reconsiderar los efectos de <em>lalengua<\/em> en el cuerpo hablante.<\/p>\n<p style=\"text-align: justify;\">Si con Freud aprendimos que la condensaci\u00f3n y el desplazamiento son modos de funcionamiento inconsciente, Lacan va separ\u00e1ndose de los esfuerzos de descifrar la verdad condensada en una imagen, una palabra, un sentido del s\u00edntoma. No hay palabra final, palabra \u00faltima que diga tal verdad.<\/p>\n<p style=\"text-align: justify;\">Entonces, nos anima a <em>saber danzar con<\/em> <em>eso<\/em>, movidos por los sonidos de <em>lalengua<\/em>, sus homofon\u00edas, <em>condanzar<\/em>, escapando a la dimensi\u00f3n de representaci\u00f3n atribuida al significante.<\/p>\n<p style=\"text-align: justify;\">Ir de la condensaci\u00f3n a la <em>condanzaci\u00f3n,<\/em> es tambi\u00e9n pasar de la raz\u00f3n a la <em>res\u00f3n<\/em>, introducirnos en la v\u00eda de la \u201cevocaci\u00f3n\u201d, como plantea Miller en la p. 72 de <em>El lugar y el lazo<\/em>.<\/p>\n<p style=\"text-align: justify; padding-left: 40px;\">\u201cLacan, entonces, habla de <em>res\u00f3n<\/em>. Es un t\u00e9rmino tomado de la poes\u00eda de Francis Ponge, pero tambi\u00e9n tomado de la f\u00edsica, al igual que de la pr\u00e1ctica anal\u00edtica, ya que esta es una pr\u00e1ctica de la evocaci\u00f3n. La <em>res\u00f3n<\/em> va junto con las respuestas, con el aspecto respuestas de lo real. Va junto con una pr\u00e1ctica que no es tanto del orden pregunta-respuesta, sino del orden inducci\u00f3n-<em>res\u00f3n,<\/em> es decir, un uso de la palabra tal que algo llega a responder\u201d.<\/p>\n<p style=\"text-align: justify;\">De ah\u00ed el uso que dimos a este neologismo lacaniano, <em>condanzaci\u00f3n<\/em>, en la experiencia y el procedimiento de b\u00fasqueda bibliogr\u00e1fica hacia las <strong>XXX Jornadas de la EOL Secci\u00f3n C\u00f3rdoba: \u201c\u2026 \u00bfC\u00f3mo te lo digo?\u201d <\/strong><\/p>\n<p style=\"text-align: justify;\">Del encuentro con los textos, tienen aqu\u00ed nuestras respuestas singulares, evocadas por cada eje que elabor\u00f3 la comisi\u00f3n cient\u00edfica. De ellos nos servimos para localizar los puntos de apoyo de cada vuelta y paso de esta danza.<\/p>\n<p style=\"text-align: justify;\">Los invitamos a volverse ustedes lectores <em>condanzantes,<\/em> y as\u00ed, pescar las resonancias singulares, los ecos de lo o\u00eddo, sustra\u00eddos de la coreograf\u00eda del padre: primero esto, luego aquello. Y, en tal caso, producir tambi\u00e9n, cada uno, sus propios movimientos de escritura y lectura que aporten a este trabajo de Escuela.<\/p>\n<p style=\"text-align: justify;\"><strong>Silvia Perassi<\/strong><\/p>\n<p style=\"text-align: justify;\">Responsable Biblioteca de la Orientaci\u00f3n Lacaniana C\u00f3rdoba (BOLC)<\/p>\n<\/div><\/div><\/div><\/div><\/div><div class=\"fusion-fullwidth fullwidth-box fusion-builder-row-2 fusion-flex-container nonhundred-percent-fullwidth non-hundred-percent-height-scrolling\" style=\"--awb-border-radius-top-left:0px;--awb-border-radius-top-right:0px;--awb-border-radius-bottom-right:0px;--awb-border-radius-bottom-left:0px;--awb-flex-wrap:wrap;\" ><div class=\"fusion-builder-row fusion-row fusion-flex-align-items-flex-start fusion-flex-content-wrap\" style=\"max-width:1352px;margin-left: calc(-4% \/ 2 );margin-right: calc(-4% \/ 2 );\"><div class=\"fusion-layout-column fusion_builder_column fusion-builder-column-1 fusion_builder_column_1_1 1_1 fusion-flex-column\" style=\"--awb-bg-size:cover;--awb-width-large:100%;--awb-margin-top-large:0px;--awb-spacing-right-large:1.92%;--awb-margin-bottom-large:20px;--awb-spacing-left-large:1.92%;--awb-width-medium:100%;--awb-order-medium:0;--awb-spacing-right-medium:1.92%;--awb-spacing-left-medium:1.92%;--awb-width-small:100%;--awb-order-small:0;--awb-spacing-right-small:1.92%;--awb-spacing-left-small:1.92%;\"><div class=\"fusion-column-wrapper fusion-column-has-shadow fusion-flex-justify-content-flex-start fusion-content-layout-column\"><div class=\"fusion-reading-box-container reading-box-container-1\" style=\"--awb-title-color:#2c2d33;--awb-margin-top:0px;--awb-margin-bottom:20px;\"><div class=\"reading-box\" style=\"background-color:#ffffff;border-width:1px;border-color:#2c2d33;border-left-width:3px;border-left-color:var(--primary_color);border-style:solid;\"><div class=\"fusion-reading-box-flex\"><h2>BIBLIOGRAF\u00cdA CONDANZADA<\/h2><a class=\"button fusion-button button-default fusion-button-medium button-medium button-flat fusion-desktop-button fusion-tagline-button continue continue-right\" style=\"-webkit-box-shadow:none;-moz-box-shadow:none;box-shadow:none;border-radius:4px 4px 4px 4px\" href=\"https:\/\/eolcba.com.ar\/jornadas2022\/wp-content\/uploads\/sites\/8\/2022\/04\/JORNADAS-2022-Bibliografia-Condanzada-02.pdf\" target=\"_blank\" rel=\"noopener noreferrer\"><span>DESCARGA<\/span><\/a><\/div><a class=\"button fusion-button button-default fusion-button-medium button-medium button-flat fusion-mobile-button continue-right\" style=\"-webkit-box-shadow:none;-moz-box-shadow:none;box-shadow:none;border-radius:4px 4px 4px 4px\" href=\"https:\/\/eolcba.com.ar\/jornadas2022\/wp-content\/uploads\/sites\/8\/2022\/04\/JORNADAS-2022-Bibliografia-Condanzada-02.pdf\" target=\"_blank\" rel=\"noopener noreferrer\"><span>DESCARGA<\/span><\/a><\/div><\/div><\/div><\/div><\/div><\/div><\/p>\n","protected":false},"excerpt":{"rendered":"","protected":false},"author":1,"featured_media":0,"parent":0,"menu_order":4,"comment_status":"closed","ping_status":"closed","template":"","meta":{"footnotes":""},"class_list":["post-23","page","type-page","status-publish","hentry"],"_links":{"self":[{"href":"https:\/\/eolcba.com.ar\/jornadas2022\/wp-json\/wp\/v2\/pages\/23","targetHints":{"allow":["GET"]}}],"collection":[{"href":"https:\/\/eolcba.com.ar\/jornadas2022\/wp-json\/wp\/v2\/pages"}],"about":[{"href":"https:\/\/eolcba.com.ar\/jornadas2022\/wp-json\/wp\/v2\/types\/page"}],"author":[{"embeddable":true,"href":"https:\/\/eolcba.com.ar\/jornadas2022\/wp-json\/wp\/v2\/users\/1"}],"replies":[{"embeddable":true,"href":"https:\/\/eolcba.com.ar\/jornadas2022\/wp-json\/wp\/v2\/comments?post=23"}],"version-history":[{"count":6,"href":"https:\/\/eolcba.com.ar\/jornadas2022\/wp-json\/wp\/v2\/pages\/23\/revisions"}],"predecessor-version":[{"id":117,"href":"https:\/\/eolcba.com.ar\/jornadas2022\/wp-json\/wp\/v2\/pages\/23\/revisions\/117"}],"wp:attachment":[{"href":"https:\/\/eolcba.com.ar\/jornadas2022\/wp-json\/wp\/v2\/media?parent=23"}],"curies":[{"name":"wp","href":"https:\/\/api.w.org\/{rel}","templated":true}]}}