{"id":14,"date":"2021-06-14T18:42:53","date_gmt":"2021-06-14T21:42:53","guid":{"rendered":"https:\/\/eolcba.com.ar\/jornadas2021\/?page_id=11"},"modified":"2021-06-14T18:42:53","modified_gmt":"2021-06-14T21:42:53","slug":"trabajos","status":"publish","type":"page","link":"https:\/\/eolcba.com.ar\/jornadas2021\/trabajos\/","title":{"rendered":"TRABAJOS"},"content":{"rendered":"<div class=\"fusion-fullwidth fullwidth-box fusion-builder-row-1 fusion-flex-container nonhundred-percent-fullwidth non-hundred-percent-height-scrolling\" style=\"--awb-border-radius-top-left:0px;--awb-border-radius-top-right:0px;--awb-border-radius-bottom-right:0px;--awb-border-radius-bottom-left:0px;--awb-flex-wrap:wrap;\" ><div class=\"fusion-builder-row fusion-row fusion-flex-align-items-flex-start fusion-flex-content-wrap\" style=\"max-width:1331.2px;margin-left: calc(-4% \/ 2 );margin-right: calc(-4% \/ 2 );\"><div class=\"fusion-layout-column fusion_builder_column fusion-builder-column-0 fusion_builder_column_1_1 1_1 fusion-flex-column\" style=\"--awb-bg-size:cover;--awb-width-large:100%;--awb-margin-top-large:20px;--awb-spacing-right-large:1.92%;--awb-margin-bottom-large:20px;--awb-spacing-left-large:1.92%;--awb-width-medium:100%;--awb-order-medium:0;--awb-spacing-right-medium:1.92%;--awb-spacing-left-medium:1.92%;--awb-width-small:100%;--awb-order-small:0;--awb-spacing-right-small:1.92%;--awb-spacing-left-small:1.92%;\"><div class=\"fusion-column-wrapper fusion-column-has-shadow fusion-flex-justify-content-flex-start fusion-content-layout-column\"><div class=\"fusion-text fusion-text-1\"><p style=\"text-align: justify\">Queridos colegas:<\/p>\n<p style=\"text-align: justify\">Como todos saben, los d\u00edas 25 y 26 de junio se realizar\u00e1n las XXIX Jornadas de la secci\u00f3n \u201cOtro sexo\u201d con modalidad virtual.<\/p>\n<p style=\"text-align: justify\">El trabajo de Escuela y lo que en \u00e9l se teje, tanto en los productos de las elaboraciones como en el esp\u00edritu de lazo entre colegas, nos parece un espacio fundamental. As\u00ed, aunque de manera virtual, lugar y lazo retoman su entramado.<\/p>\n<p style=\"text-align: justify\">Esperamos entonces contar con los trabajos que cada uno de ustedes quiera aportar a este dispar convivium, convocado en esta ocasi\u00f3n alrededor de lo femenino, el Otro sexo por excelencia, y las desinencias que de este tema se desprenden.<\/p>\n<p style=\"text-align: justify\">Contamos para eso con el excelenteargumento y sus ejes, (click) que la Comisi\u00f3n Cient\u00edfica ha escrito, que ustedes encontrar\u00e1n en la p\u00e1gina de la EOL Secci\u00f3n C\u00f3rdoba.<\/p>\n<p style=\"text-align: justify\">Cada autor podr\u00e1 tomar uno o m\u00e1s ejes que desee desplegar en su texto, cit\u00e1ndolos a continuaci\u00f3n del mismo. No se recibir\u00e1n trabajos que contengan casos o vi\u00f1etas cl\u00ednicas, contando con que la cl\u00ednica puede abordarse a partir de sutiles pinceladas, que no necesariamente deben explayarse en un caso.<\/p>\n<p style=\"text-align: justify\">La fecha de recepci\u00f3n de los trabajos ser\u00e1 el domingo 30 de mayo.<\/p>\n<p>Los saludamos afectuosamente<\/p>\n<p><strong>Eugenia Molina<\/strong> \u2013 Directora<\/p>\n<p><strong>Carolina C\u00f3rdoba<\/strong> \u2013 Secretaria<\/p>\n<p><strong>Luciana Rolando<\/strong> \u2013 Tesorera<\/p>\n<p><strong>B\u00e1rbara Navarro<\/strong> \u2013 Responsable Comisi\u00f3n Organizadora.<\/p>\n<\/div><div class=\"fusion-separator fusion-full-width-sep\" style=\"align-self: center;margin-left: auto;margin-right: auto;margin-top:10px;margin-bottom:10px;width:100%;\"><\/div><div class=\"fusion-title title fusion-title-1 fusion-sep-none fusion-title-text fusion-title-size-two\"><h2 class=\"fusion-title-heading title-heading-left fusion-responsive-typography-calculated\" style=\"margin:0;--fontSize:30;line-height:1.18;\">CONDICIONES PARA LA PRESENTACI\u00d3N DE TRABAJOS<\/h2><\/div><div class=\"fusion-text fusion-text-2\"><ul>\n<li>En primer lugar, se presentar\u00e1 el t\u00edtulo, luego los ejes elegidos y a continuaci\u00f3n el autor.<\/li>\n<li>Formato: Letra Times New Roman N\u00aa 12 , interlineado 1,5.<\/li>\n<li>Extenci\u00f3n: 5000 caracteres.<\/li>\n<li>Casillas de correo: xxixjornadas@gmail.com y tambi\u00e9n a eolcordoba@eolcba.com.ar<\/li>\n<li>Asunto: Apellido del autor primero y luego XXIX Jornadas EOL secci\u00f3n C\u00f3rdoba.<\/li>\n<\/ul>\n<\/div><\/div><\/div><\/div><\/div>\n","protected":false},"excerpt":{"rendered":"","protected":false},"author":1,"featured_media":0,"parent":0,"menu_order":5,"comment_status":"closed","ping_status":"closed","template":"","meta":{"footnotes":""},"class_list":["post-14","page","type-page","status-publish","hentry"],"_links":{"self":[{"href":"https:\/\/eolcba.com.ar\/jornadas2021\/wp-json\/wp\/v2\/pages\/14","targetHints":{"allow":["GET"]}}],"collection":[{"href":"https:\/\/eolcba.com.ar\/jornadas2021\/wp-json\/wp\/v2\/pages"}],"about":[{"href":"https:\/\/eolcba.com.ar\/jornadas2021\/wp-json\/wp\/v2\/types\/page"}],"author":[{"embeddable":true,"href":"https:\/\/eolcba.com.ar\/jornadas2021\/wp-json\/wp\/v2\/users\/1"}],"replies":[{"embeddable":true,"href":"https:\/\/eolcba.com.ar\/jornadas2021\/wp-json\/wp\/v2\/comments?post=14"}],"version-history":[{"count":0,"href":"https:\/\/eolcba.com.ar\/jornadas2021\/wp-json\/wp\/v2\/pages\/14\/revisions"}],"wp:attachment":[{"href":"https:\/\/eolcba.com.ar\/jornadas2021\/wp-json\/wp\/v2\/media?parent=14"}],"curies":[{"name":"wp","href":"https:\/\/api.w.org\/{rel}","templated":true}]}}