{"id":12,"date":"2021-06-14T18:41:52","date_gmt":"2021-06-14T21:41:52","guid":{"rendered":"https:\/\/eolcba.com.ar\/jornadas2021\/?page_id=7"},"modified":"2022-01-14T10:50:05","modified_gmt":"2022-01-14T10:50:05","slug":"bibliografia","status":"publish","type":"page","link":"https:\/\/eolcba.com.ar\/jornadas2021\/bibliografia\/","title":{"rendered":"BIBLIOGRAF\u00cdA"},"content":{"rendered":"<p><div class=\"fusion-fullwidth fullwidth-box fusion-builder-row-1 fusion-flex-container nonhundred-percent-fullwidth non-hundred-percent-height-scrolling\" style=\"--awb-border-radius-top-left:0px;--awb-border-radius-top-right:0px;--awb-border-radius-bottom-right:0px;--awb-border-radius-bottom-left:0px;--awb-flex-wrap:wrap;\" ><div class=\"fusion-builder-row fusion-row fusion-flex-align-items-flex-start fusion-flex-content-wrap\" style=\"max-width:1331.2px;margin-left: calc(-4% \/ 2 );margin-right: calc(-4% \/ 2 );\"><div class=\"fusion-layout-column fusion_builder_column fusion-builder-column-0 fusion_builder_column_1_1 1_1 fusion-flex-column\" style=\"--awb-bg-size:cover;--awb-width-large:100%;--awb-margin-top-large:20px;--awb-spacing-right-large:1.92%;--awb-margin-bottom-large:20px;--awb-spacing-left-large:1.92%;--awb-width-medium:100%;--awb-order-medium:0;--awb-spacing-right-medium:1.92%;--awb-spacing-left-medium:1.92%;--awb-width-small:100%;--awb-order-small:0;--awb-spacing-right-small:1.92%;--awb-spacing-left-small:1.92%;\"><div class=\"fusion-column-wrapper fusion-column-has-shadow fusion-flex-justify-content-flex-start fusion-content-layout-column\"><div class=\"fusion-text fusion-text-1\"><p style=\"text-align: justify;\">Estimados colegas,<\/p>\n<p style=\"text-align: justify;\">La biblioteca de la Orientaci\u00f3n Lacaniana de C\u00f3rdoba (BOLC) les hace llegar la bibliograf\u00eda hacia las XXIX Jornadas de la\u00a0EOL- SECCION CORDOBA Otro sexo.<\/p>\n<p style=\"text-align: justify;\">Esta bibliograf\u00eda no pretende ser exhaustiva y si la llamamos razonada, es porque se trata m\u00e1s bien de una invenci\u00f3n efecto de una experiencia de lectura analizante. Experiencia de inmersi\u00f3n que intenta dar cuenta del encuentro con el texto y de las consecuencias que se desprenden de \u00e9ste.<\/p>\n<p style=\"text-align: justify;\">Advertidos, entonces, de que las referencias m\u00e1s pertinentes no siempre son las m\u00e1s expl\u00edcitas, y que no las encontraremos en un \u00edndice de nombres propios, jugamos con la idea de que \u201char\u00eda falta un \u00edndice de no dichos, segundas intenciones, alusiones cifradas, resonancias, y otros <em>invisibilia<\/em>\u201d<a href=\"#_ftn1\" name=\"_ftnref1\">[1]<\/a>. Porque \u00bfc\u00f3mo se podr\u00eda realizar una bibliograf\u00eda sobre el Otro sexo si este es \u201cun agujero, y es a\u00a0<em>ese real<\/em>\u00a0que el goce \u201ccomo tal\u201d ex \u2013siste?\u201d<a href=\"#_ftn2\" name=\"_ftnref2\">[2]<\/a><\/p>\n<p style=\"text-align: justify;\">Esta vez, decidimos armarla apostando a una transferencia de trabajo entendida como trabajo en red, por lo que invitamos a algunos otros a conformar una peque\u00f1a comunidad de lectores enlazados hacia las Jornadas de la Secci\u00f3n en una red transferencial de trabajo. Una red con anudamientos y tambi\u00e9n con espacios vac\u00edos en los que el agujero del Otro se hace presente, siempre.<\/p>\n<p style=\"text-align: justify;\">Esta comunidad lectora fue conformada por Antonia Caparroz, Carolina Aiassa, Graciela Diosque, Gloria Sensi, Dora Saroka, Carolina Ferrieres, Josefina El\u00edas, Graciela Diosque, Javier Cabrera, Olga Carri\u00f3n, Ana Gallegos, Graciela Martinez, Pilar Ordo\u00f1ez, Silvia Perassi y Roberto Cordero (colaborador de la BOLC).<\/p>\n<p style=\"text-align: justify;\">Les deseo buena lectura.<\/p>\n<p style=\"text-align: justify;\"><strong>Candela M\u00e9ndez<\/strong><\/p>\n<p style=\"text-align: justify;\">Responsable BOLC<\/p>\n<p style=\"text-align: justify;\">&#8212;&#8212;&#8212;&#8212;&#8212;&#8212;&#8212;&#8212;&#8212;&#8212;&#8212;&#8212;&#8212;&#8212;&#8212;&#8212;&#8211;<\/p>\n<p style=\"text-align: justify;\"><a href=\"#_ftnref1\" name=\"_ftn1\">[1]<\/a> J.-A. Miller. Nota paso a paso.<\/p>\n<p style=\"text-align: justify;\"><a href=\"#_ftnref2\" name=\"_ftn2\">[2]<\/a> Argumento XXIX Jornadas\u00a0EOL- Secci\u00f3n C\u00f3rdoba.<\/p>\n<\/div><\/div><\/div><\/div><\/div><div class=\"fusion-fullwidth fullwidth-box fusion-builder-row-2 fusion-flex-container nonhundred-percent-fullwidth non-hundred-percent-height-scrolling\" style=\"--awb-border-radius-top-left:0px;--awb-border-radius-top-right:0px;--awb-border-radius-bottom-right:0px;--awb-border-radius-bottom-left:0px;--awb-flex-wrap:wrap;\" ><div class=\"fusion-builder-row fusion-row fusion-flex-align-items-flex-start fusion-flex-content-wrap\" style=\"max-width:1331.2px;margin-left: calc(-4% \/ 2 );margin-right: calc(-4% \/ 2 );\"><div class=\"fusion-layout-column fusion_builder_column fusion-builder-column-1 fusion_builder_column_1_1 1_1 fusion-flex-column\" style=\"--awb-bg-size:cover;--awb-width-large:100%;--awb-margin-top-large:20px;--awb-spacing-right-large:1.92%;--awb-margin-bottom-large:20px;--awb-spacing-left-large:1.92%;--awb-width-medium:100%;--awb-order-medium:0;--awb-spacing-right-medium:1.92%;--awb-spacing-left-medium:1.92%;--awb-width-small:100%;--awb-order-small:0;--awb-spacing-right-small:1.92%;--awb-spacing-left-small:1.92%;\"><div class=\"fusion-column-wrapper fusion-column-has-shadow fusion-flex-justify-content-flex-start fusion-content-layout-column\"><div class=\"fusion-reading-box-container reading-box-container-1\" style=\"--awb-title-color:#222222;--awb-margin-top:0px;--awb-margin-bottom:84px;\"><div class=\"reading-box\" style=\"background-color:#222222;border-width:1px;border-color:#222222;border-left-width:3px;border-left-color:var(--primary_color);border-style:solid;\"><div class=\"fusion-reading-box-flex\"><h2>BIBLIOGRAF\u00cdA RAZONADA<\/h2><a class=\"button fusion-button button-default fusion-button-medium button-medium button-flat fusion-desktop-button fusion-tagline-button continue continue-right\" style=\"-webkit-box-shadow:none;-moz-box-shadow:none;box-shadow:none;border-radius:  \" href=\"https:\/\/eolcba.com.ar\/jornadas2021\/wp-content\/uploads\/sites\/5\/2022\/01\/JORNADAS-2021-Bibliografia-Razonada.pdf\" target=\"_blank\" rel=\"noopener noreferrer\"><span>DESCARGA<\/span><\/a><\/div><a class=\"button fusion-button button-default fusion-button-medium button-medium button-flat fusion-mobile-button continue-right\" style=\"-webkit-box-shadow:none;-moz-box-shadow:none;box-shadow:none;border-radius:  \" href=\"https:\/\/eolcba.com.ar\/jornadas2021\/wp-content\/uploads\/sites\/5\/2022\/01\/JORNADAS-2021-Bibliografia-Razonada.pdf\" target=\"_blank\" rel=\"noopener noreferrer\"><span>DESCARGA<\/span><\/a><\/div><\/div><\/div><\/div><\/div><\/div><\/p>\n","protected":false},"excerpt":{"rendered":"","protected":false},"author":1,"featured_media":0,"parent":0,"menu_order":3,"comment_status":"closed","ping_status":"closed","template":"","meta":{"footnotes":""},"class_list":["post-12","page","type-page","status-publish","hentry"],"_links":{"self":[{"href":"https:\/\/eolcba.com.ar\/jornadas2021\/wp-json\/wp\/v2\/pages\/12","targetHints":{"allow":["GET"]}}],"collection":[{"href":"https:\/\/eolcba.com.ar\/jornadas2021\/wp-json\/wp\/v2\/pages"}],"about":[{"href":"https:\/\/eolcba.com.ar\/jornadas2021\/wp-json\/wp\/v2\/types\/page"}],"author":[{"embeddable":true,"href":"https:\/\/eolcba.com.ar\/jornadas2021\/wp-json\/wp\/v2\/users\/1"}],"replies":[{"embeddable":true,"href":"https:\/\/eolcba.com.ar\/jornadas2021\/wp-json\/wp\/v2\/comments?post=12"}],"version-history":[{"count":3,"href":"https:\/\/eolcba.com.ar\/jornadas2021\/wp-json\/wp\/v2\/pages\/12\/revisions"}],"predecessor-version":[{"id":235,"href":"https:\/\/eolcba.com.ar\/jornadas2021\/wp-json\/wp\/v2\/pages\/12\/revisions\/235"}],"wp:attachment":[{"href":"https:\/\/eolcba.com.ar\/jornadas2021\/wp-json\/wp\/v2\/media?parent=12"}],"curies":[{"name":"wp","href":"https:\/\/api.w.org\/{rel}","templated":true}]}}